{"id":614,"date":"2021-01-23T18:19:20","date_gmt":"2021-01-23T18:19:20","guid":{"rendered":"http:\/\/stmbus.pl\/?page_id=614"},"modified":"2024-05-13T13:22:13","modified_gmt":"2024-05-13T13:22:13","slug":"oferta","status":"publish","type":"page","link":"http:\/\/stmbus.pl\/index.php\/oferta\/","title":{"rendered":"Oferta"},"content":{"rendered":"<h3>Witaj ponownie.<\/h3>\n<p>Je\u015bli <strong>planujesz zakupi\u0107 autobus<\/strong> do komunikacji lokalnej, miejskiej, szkolnej czy te\u017c turystycznej i twoim g\u0142\u00f3wnym zaj\u0119ciem nie jest zbieranie ofert, przegl\u0105danie najnowszych rozwi\u0105za\u0144 oferowanych przez producent\u00f3w oraz zastanawianie si\u0119 jakie rozwi\u0105zania s\u0105 u\u017cyteczne i sprawdzone w eksploatacji <strong>to\u00a0 uzyskasz fachow\u0105 pomoc w tym zakresie w\u0142a\u015bnie w tym miejscu<\/strong>.<\/p>\n<h2>Wsp\u00f3lne warto\u015bci i cele<\/h2>\n<p>Je\u015bli jeste\u015b w tym miejscu, to znaczy ,\u017ce przeczyta\u0142a\u015b\/\u0142e\u015b cz\u0119\u015b\u0107 lub wi\u0119kszo\u015b\u0107 moich artyku\u0142\u00f3w.<strong> Ciesz\u0119 si\u0119 ,\u017ce dostrzegamy wzajemnie elementy kt\u00f3re w naszej codziennej pracy mo\u017cemy poprawi\u0107\/ulepszy\u0107\/zmieni\u0107<\/strong>. Nie koniecznie musimy si\u0119 zgadza\u0107 we wszystkich naszych opiniach i pogl\u0105dach. <strong>W\u0142a\u015bnie to jest \u015bwietne<\/strong>! Wa\u017cna jest wsp\u00f3lna idea do rozwijania naszych przedsi\u0119wzi\u0119\u0107, podejmowania nowych wyzwa\u0144. <strong>Chcia\u0142bym Ci pom\u00f3c w tym i wsp\u00f3lnie osi\u0105gn\u0105\u0107 na podstawie naszych do\u015bwiadcze\u0144 efekt kt\u00f3ry zauwa\u017c\u0105 pracownicy, partnerzy biznesowi ale tak\u017ce klienci &#8211; pasa\u017cerowie kt\u00f3rzy s\u0105 najwa\u017cniejsi w tej ca\u0142ej transportowej karuzeli.\u00a0<\/strong><\/p>\n<p>W czym mog\u0119 Ci pom\u00f3c?<\/p>\n<h1>Odbiory techniczne zakupionych pojazd\u00f3w<\/h1>\n<p><img loading=\"lazy\" decoding=\"async\" class=\"alignnone size-large wp-image-1071\" src=\"http:\/\/stmbus.pl\/wp-content\/uploads\/2024\/05\/Cykl-zycia-pojazdu-w-transporcie-zbiorowym.-Czy-elektryczne-pojazdy-maja-tylko-1-zycie-1-1024x819.png\" alt=\"\" width=\"1024\" height=\"819\" srcset=\"http:\/\/stmbus.pl\/wp-content\/uploads\/2024\/05\/Cykl-zycia-pojazdu-w-transporcie-zbiorowym.-Czy-elektryczne-pojazdy-maja-tylko-1-zycie-1-1024x819.png 1024w, http:\/\/stmbus.pl\/wp-content\/uploads\/2024\/05\/Cykl-zycia-pojazdu-w-transporcie-zbiorowym.-Czy-elektryczne-pojazdy-maja-tylko-1-zycie-1-300x240.png 300w, http:\/\/stmbus.pl\/wp-content\/uploads\/2024\/05\/Cykl-zycia-pojazdu-w-transporcie-zbiorowym.-Czy-elektryczne-pojazdy-maja-tylko-1-zycie-1-768x614.png 768w, http:\/\/stmbus.pl\/wp-content\/uploads\/2024\/05\/Cykl-zycia-pojazdu-w-transporcie-zbiorowym.-Czy-elektryczne-pojazdy-maja-tylko-1-zycie-1-1536x1229.png 1536w, http:\/\/stmbus.pl\/wp-content\/uploads\/2024\/05\/Cykl-zycia-pojazdu-w-transporcie-zbiorowym.-Czy-elektryczne-pojazdy-maja-tylko-1-zycie-1-360x288.png 360w, http:\/\/stmbus.pl\/wp-content\/uploads\/2024\/05\/Cykl-zycia-pojazdu-w-transporcie-zbiorowym.-Czy-elektryczne-pojazdy-maja-tylko-1-zycie-1.png 2000w\" sizes=\"(max-width: 1024px) 100vw, 1024px\" \/><\/p>\n<h2>\u00a0<img loading=\"lazy\" decoding=\"async\" class=\"alignnone size-large wp-image-1073\" src=\"http:\/\/stmbus.pl\/wp-content\/uploads\/2024\/05\/Cykl-zycia-pojazdu-w-transporcie-zbiorowym.-Czy-elektryczne-pojazdy-maja-tylko-1-zycie-2-1-1024x819.png\" alt=\"\" width=\"1024\" height=\"819\" srcset=\"http:\/\/stmbus.pl\/wp-content\/uploads\/2024\/05\/Cykl-zycia-pojazdu-w-transporcie-zbiorowym.-Czy-elektryczne-pojazdy-maja-tylko-1-zycie-2-1-1024x819.png 1024w, http:\/\/stmbus.pl\/wp-content\/uploads\/2024\/05\/Cykl-zycia-pojazdu-w-transporcie-zbiorowym.-Czy-elektryczne-pojazdy-maja-tylko-1-zycie-2-1-300x240.png 300w, http:\/\/stmbus.pl\/wp-content\/uploads\/2024\/05\/Cykl-zycia-pojazdu-w-transporcie-zbiorowym.-Czy-elektryczne-pojazdy-maja-tylko-1-zycie-2-1-768x614.png 768w, http:\/\/stmbus.pl\/wp-content\/uploads\/2024\/05\/Cykl-zycia-pojazdu-w-transporcie-zbiorowym.-Czy-elektryczne-pojazdy-maja-tylko-1-zycie-2-1-1536x1229.png 1536w, http:\/\/stmbus.pl\/wp-content\/uploads\/2024\/05\/Cykl-zycia-pojazdu-w-transporcie-zbiorowym.-Czy-elektryczne-pojazdy-maja-tylko-1-zycie-2-1-360x288.png 360w, http:\/\/stmbus.pl\/wp-content\/uploads\/2024\/05\/Cykl-zycia-pojazdu-w-transporcie-zbiorowym.-Czy-elektryczne-pojazdy-maja-tylko-1-zycie-2-1.png 2000w\" sizes=\"(max-width: 1024px) 100vw, 1024px\" \/><\/h2>\n<p><img loading=\"lazy\" decoding=\"async\" class=\"alignnone size-large wp-image-1075\" src=\"http:\/\/stmbus.pl\/wp-content\/uploads\/2024\/05\/Cykl-zycia-pojazdu-w-transporcie-zbiorowym.-Czy-elektryczne-pojazdy-maja-tylko-1-zycie-3-1024x819.png\" alt=\"\" width=\"1024\" height=\"819\" srcset=\"http:\/\/stmbus.pl\/wp-content\/uploads\/2024\/05\/Cykl-zycia-pojazdu-w-transporcie-zbiorowym.-Czy-elektryczne-pojazdy-maja-tylko-1-zycie-3-1024x819.png 1024w, http:\/\/stmbus.pl\/wp-content\/uploads\/2024\/05\/Cykl-zycia-pojazdu-w-transporcie-zbiorowym.-Czy-elektryczne-pojazdy-maja-tylko-1-zycie-3-300x240.png 300w, http:\/\/stmbus.pl\/wp-content\/uploads\/2024\/05\/Cykl-zycia-pojazdu-w-transporcie-zbiorowym.-Czy-elektryczne-pojazdy-maja-tylko-1-zycie-3-768x614.png 768w, http:\/\/stmbus.pl\/wp-content\/uploads\/2024\/05\/Cykl-zycia-pojazdu-w-transporcie-zbiorowym.-Czy-elektryczne-pojazdy-maja-tylko-1-zycie-3-1536x1229.png 1536w, http:\/\/stmbus.pl\/wp-content\/uploads\/2024\/05\/Cykl-zycia-pojazdu-w-transporcie-zbiorowym.-Czy-elektryczne-pojazdy-maja-tylko-1-zycie-3-360x288.png 360w, http:\/\/stmbus.pl\/wp-content\/uploads\/2024\/05\/Cykl-zycia-pojazdu-w-transporcie-zbiorowym.-Czy-elektryczne-pojazdy-maja-tylko-1-zycie-3.png 2000w\" sizes=\"(max-width: 1024px) 100vw, 1024px\" \/><\/p>\n<p><img loading=\"lazy\" decoding=\"async\" class=\"alignnone size-large wp-image-1078\" src=\"http:\/\/stmbus.pl\/wp-content\/uploads\/2024\/05\/Cykl-zycia-pojazdu-w-transporcie-zbiorowym.-Czy-elektryczne-pojazdy-maja-tylko-1-zycie-5-1024x819.png\" alt=\"\" width=\"1024\" height=\"819\" srcset=\"http:\/\/stmbus.pl\/wp-content\/uploads\/2024\/05\/Cykl-zycia-pojazdu-w-transporcie-zbiorowym.-Czy-elektryczne-pojazdy-maja-tylko-1-zycie-5-1024x819.png 1024w, http:\/\/stmbus.pl\/wp-content\/uploads\/2024\/05\/Cykl-zycia-pojazdu-w-transporcie-zbiorowym.-Czy-elektryczne-pojazdy-maja-tylko-1-zycie-5-300x240.png 300w, http:\/\/stmbus.pl\/wp-content\/uploads\/2024\/05\/Cykl-zycia-pojazdu-w-transporcie-zbiorowym.-Czy-elektryczne-pojazdy-maja-tylko-1-zycie-5-768x614.png 768w, http:\/\/stmbus.pl\/wp-content\/uploads\/2024\/05\/Cykl-zycia-pojazdu-w-transporcie-zbiorowym.-Czy-elektryczne-pojazdy-maja-tylko-1-zycie-5-1536x1229.png 1536w, http:\/\/stmbus.pl\/wp-content\/uploads\/2024\/05\/Cykl-zycia-pojazdu-w-transporcie-zbiorowym.-Czy-elektryczne-pojazdy-maja-tylko-1-zycie-5-360x288.png 360w, http:\/\/stmbus.pl\/wp-content\/uploads\/2024\/05\/Cykl-zycia-pojazdu-w-transporcie-zbiorowym.-Czy-elektryczne-pojazdy-maja-tylko-1-zycie-5.png 2000w\" sizes=\"(max-width: 1024px) 100vw, 1024px\" \/><\/p>\n<p>Odbiory techniczny wszystkich prezentowanych wy\u017cej i nie tylko, pojazd\u00f3w <strong>dotyczy\u0142y zar\u00f3wno pojedynczych pojazd\u00f3w jak i floty nawet 50 sztuk w jednej dostawie<\/strong>.<\/p>\n<p>Pojazdy <strong>pochodzi\u0142y zar\u00f3wno od znanych producent\u00f3w europejskich jak i marek nie do ko\u0144ca znanych na naszym rynku<\/strong>. Wi\u0105\u017ce si\u0119 do z konieczno\u015bci\u0105 dopasowania do specyfiki ka\u017cdego modelu.<\/p>\n<p>By\u0142y to<strong> pojazdy zar\u00f3wno fabrycznie nowe jak i u\u017cywane<\/strong> kt\u00f3rych ogl\u0119dziny wykonywane by\u0142y r\u00f3wnie\u017c w miejscu sprzeda\u017cy.<\/p>\n<hr \/>\n<h2>Przygotowanie specyfikacji post\u0119powania zakupowego pojazd\u00f3w nowych i u\u017cywanych<\/h2>\n<p>B\u0119d\u0105c zobowi\u0105zanym prawem zam\u00f3wie\u0144 publicznych by m\u00f3c zakupi\u0107 pojazd nale\u017cy przeprowadzi\u0107 <strong>post\u0119powania zakupowe<\/strong>. Jego nieod\u0142\u0105cznym elementem jest <strong>Specyfikacja Warunk\u00f3w Zam\u00f3wienia<\/strong> kt\u00f3ra zawiera wszystkie najwa\u017cniejsze cechy eksploatacyjne pojazdu pod k\u0105tem wymaga\u0144. Dotycz\u0105 one zar\u00f3wno kwestii homologacyjnych i spe\u0142nienia odpowiednich regulamin\u00f3w jak i zaczynaj\u0105c od podstawowych cech jak np. d\u0142ugo\u015b\u0107, wysoko\u015b\u0107 ko\u0144cz\u0105c na szczeg\u00f3\u0142owych wymaganiach co do systemu informacji pasa\u017cerskiej, malowania czy przygotowania technicznego (dla autobus\u00f3w u\u017cywanych).<\/p>\n<p>Tak\u017ce pytania ze strony potencjalnych Wykonawc\u00f3w s\u0105 nieod\u0142\u0105cznym elementem ka\u017cdego post\u0119powania. Analiza, przygotowanie odpowiedzi &#8211; to tak\u017ce element pracy jak\u0105 mog\u0119 wykona\u0107.<\/p>\n<hr \/>\n<h2>Specyfikacja techniczna pojazd\u00f3w pod k\u0105tem wymaga\u0144 i funkcjonalno\u015bci<\/h2>\n<p>Od czasu wprowadzenia do ruchu pierwszych autobus\u00f3w elektrycznych w Polsce (2013 rok) min\u0119\u0142o troch\u0119 czasu. technologia bateryjna w tym samym czasie uleg\u0142a rozwojowi zwi\u0119kszaj\u0105c mo\u017cliwe zasi\u0119gi pojazd\u00f3w od warto\u015bci 100-120 km. na jednym \u0142adowaniu do warto\u015bci 400 km. Uzyskano to dzi\u0119ki pracy nad chemi\u0105 ogniw, zwi\u0119kszeniu g\u0119sto\u015bci energii na jednostk\u0119 masy, optymalizacj\u0119 system\u00f3w nap\u0119dowych, ogrzewania klimatyzacji czy BMS.<\/p>\n<p>R\u00f3wnie\u017c w tym samym czasie zmieni\u0142a si\u0119 koncepcja \u0142adowania pojazdu, odchodz\u0105c powoli od \u0142adowania pantografem na korzy\u015b\u0107 \u0142adowania plug-in zajezdniowego.<\/p>\n<p>Nie bez echa pozosta\u0142y kwestie do\u015bwiadcze\u0144 eksploatacyjnych zwi\u0105zanych np. z rodzajem przeniesienia nap\u0119du, silnik centralny vs o\u015b elektryczna.<\/p>\n<p>Specyfikacja techniczna to przede wszystkim odpowiedni dob\u00f3r konstrukcji pojazd\u00f3w: LE czy LF pod konkretne zadania przewozowe oraz szczeg\u00f3\u0142owe parametry eksploatacyjne np:<\/p>\n<ul>\n<li>pojemno\u015b\u0107 pasa\u017cerska, ilo\u015b\u0107 miejsc siedz\u0105cych;<\/li>\n<li>systemy dodatkowe: gaszenia po\u017car\u00f3w, telematyki, system\u00f3w wspomagaj\u0105cych kierowc\u0119 np. martwe pole, asystent hamowania;<\/li>\n<li>uk\u0142ad nap\u0119dowy: wielko\u015b\u0107 baterii, rodzaj silnika, skrzynia bieg\u00f3w oraz uk\u0142ad hybrydowy wspomagaj\u0105cy<\/li>\n<li>serwis: kontrakt utrzymaniowy<\/li>\n<\/ul>\n<p>To tylko wycinek mo\u017cliwo\u015bci konfiguracyjnych kt\u00f3re w toku 10-15 letniej eksploatacji wp\u0142ywaj\u0105 na gotowo\u015b\u0107 pojazd\u00f3w do realizacji zada\u0144 i ich dost\u0119pno\u015b\u0107 oraz TCO (total cost of ownership) pojazdu w ca\u0142ym cyklu \u017cycia.<\/p>\n<hr \/>\n<h2>Szkolenie techniczne dla zawodowych kierowc\u00f3w kategorii D &#8211; profesjonalny kierowca<\/h2>\n<p><img loading=\"lazy\" decoding=\"async\" class=\"size-medium wp-image-622 aligncenter\" src=\"http:\/\/stmbus.pl\/wp-content\/uploads\/2021\/01\/Bestia-ze-wschodu-nadchodzii-jakie-wy-macie-opony-w-swoich-autobusach_-5-300x251.png\" alt=\"\" width=\"300\" height=\"251\" srcset=\"http:\/\/stmbus.pl\/wp-content\/uploads\/2021\/01\/Bestia-ze-wschodu-nadchodzii-jakie-wy-macie-opony-w-swoich-autobusach_-5-300x251.png 300w, http:\/\/stmbus.pl\/wp-content\/uploads\/2021\/01\/Bestia-ze-wschodu-nadchodzii-jakie-wy-macie-opony-w-swoich-autobusach_-5-360x302.png 360w, http:\/\/stmbus.pl\/wp-content\/uploads\/2021\/01\/Bestia-ze-wschodu-nadchodzii-jakie-wy-macie-opony-w-swoich-autobusach_-5.png 500w\" sizes=\"(max-width: 300px) 100vw, 300px\" \/><\/p>\n<p>Szkolenie indywidualne lub grupowe (maksimum 15 os\u00f3b w jednej grupie) dla obecnych lub nowozatrudnionych pracownik\u00f3w.\u00a0 Wprowadzaj\u0105ce jak i okresowe.<strong> Spotkanie obejmuje om\u00f3wienie zachowa\u0144 technicznych, kultury technicznej, obs\u0142ugi pojazdu w kontek\u015bcie bie\u017c\u0105cej pracy jak i podnoszenia kwalifikacji na stanowisku zawodowego kierowcy autobusu. Szkolenie ma za zadanie usystematyzowanie niezb\u0119dnej wiedzy technicznej do wykonania codziennej obs\u0142ugi i u\u017cytkowania pojazdu.<\/strong> <em><strong>Warto\u015bci\u0105 jest osi\u0105gni\u0119cie kr\u00f3tkookresowych i d\u0142ugofalowych oszcz\u0119dno\u015bci koszt\u00f3w utrzymania pojazd\u00f3w.<\/strong><\/em><\/p>\n<p>Je\u015bli akurat omin\u0105\u0142e\u015b <a href=\"http:\/\/stmbus.pl\/index.php\/2021\/01\/08\/eco-driving-transport-zbiorowy-korzysci-dla-organizacji\/\">TEN artyku\u0142<\/a>, zapraszam Ci\u0119 do jego lektury, poznasz tam w szczeg\u00f3le jakie korzy\u015bci wynikaj\u0105 z takiego szkolenia.<\/p>\n<p><strong>Jakie to koszty? Bior\u0105c pod uwag\u0119 ,\u017ce remont silnika Euro 6 Cumminsa to 80 000 z\u0142, a w przegubowym Mercedesie 150 000 z\u0142, remont hamulc\u00f3w na 1 stronie 3500 z\u0142 to niewielki u\u0142amek oszcz\u0119dno\u015bci materialnych i wizerunkowych mo\u017cliwych do osi\u0105gni\u0119cia. Kupujesz nie standardowe szkolenie, tylko czas po\u015bwi\u0119cony dla Ciebie w oparciu o twoje potrzeby i oczekiwania.\u00a0<\/strong><\/p>\n<hr \/>\n<h2><\/h2>\n<h2>Szkolenie bezpiecze\u0144stwa i techniki jazdy dla zawodowych kierowc\u00f3w kategorii D &#8211; profesjonalny kierowca<\/h2>\n<p><img loading=\"lazy\" decoding=\"async\" class=\"alignnone size-medium wp-image-635 aligncenter\" src=\"http:\/\/stmbus.pl\/wp-content\/uploads\/2021\/01\/Bestia-ze-wschodu-nadchodzii-jakie-wy-macie-opony-w-swoich-autobusach_-4-300x251.png\" alt=\"\" width=\"300\" height=\"251\" srcset=\"http:\/\/stmbus.pl\/wp-content\/uploads\/2021\/01\/Bestia-ze-wschodu-nadchodzii-jakie-wy-macie-opony-w-swoich-autobusach_-4-300x251.png 300w, http:\/\/stmbus.pl\/wp-content\/uploads\/2021\/01\/Bestia-ze-wschodu-nadchodzii-jakie-wy-macie-opony-w-swoich-autobusach_-4-768x644.png 768w, http:\/\/stmbus.pl\/wp-content\/uploads\/2021\/01\/Bestia-ze-wschodu-nadchodzii-jakie-wy-macie-opony-w-swoich-autobusach_-4-360x302.png 360w, http:\/\/stmbus.pl\/wp-content\/uploads\/2021\/01\/Bestia-ze-wschodu-nadchodzii-jakie-wy-macie-opony-w-swoich-autobusach_-4.png 940w\" sizes=\"(max-width: 300px) 100vw, 300px\" \/><\/p>\n<p>Szkolenie indywidualne lub grupowe (maksimum 15 os\u00f3b w jednej grupie) dla obecnych lub nowozatrudnionych pracownik\u00f3w.\u00a0 Wprowadzaj\u0105ce jak i okresowe.<strong> Jest to ca\u0142o\u015bciowe szkolenie obejmuj\u0105ce mi\u0119dzy innymi:<\/strong><\/p>\n<ul>\n<li>bezpiecze\u0144stwo na drodze &#8211; zachowania powoduj\u0105ce zdarzenia, agresja i wsp\u00f3\u0142zawodnictwo na drodze,<\/li>\n<li>zachowania w sytuacjach kryzysowych &#8211; jak post\u0105pi\u0107 w sytuacji kolizji, wypadku, zdarzenia osobowego &#8211; zabezpieczaj\u0105c pasa\u017cer\u00f3w ale i mienie,<\/li>\n<li>technik\u0119 jazdy &#8211; przewidywanie, analiza sytuacji,<\/li>\n<li>kwestie techniczne &#8211; systemy wspomagaj\u0105ce kierowc\u0119, jak dzia\u0142aj\u0105 i jak je wykorzysta\u0107, ale tak\u017ce kultura techniczna maj\u0105ca wp\u0142yw na kondycj\u0119 techniczn\u0105 pojazdu,<\/li>\n<li>eco-driving &#8211; technika jazdy z nastawieniem na oszcz\u0119dno\u015b\u0107 zu\u017cycia paliwa<\/li>\n<\/ul>\n<p>Je\u015bli akurat omin\u0105\u0142e\u015b <a href=\"http:\/\/stmbus.pl\/index.php\/2021\/01\/01\/eco-driving\/\">TEN artyku\u0142<\/a>, zapraszam Ci\u0119 do jego lektury, poznasz tam w szczeg\u00f3le jakie korzy\u015bci wynikaj\u0105 z takiego szkolenia.<\/p>\n<p><strong>Jakie to koszty? Wszystko zale\u017cy od tego co chcesz osi\u0105gn\u0105\u0107. Czy nastawiasz si\u0119 na popraw\u0119 obs\u0142ugi klienta\/pasa\u017cera, a kwestie ekonomiki pojazdu maj\u0105 dla Ciebie mniejsze znaczenie. Czy k\u0142adziesz wi\u0119kszy nacisk na technik\u0119 jazdy i szkodowo\u015b\u0107 oraz umiej\u0119tno\u015b\u0107 zachowania si\u0119 w sytuacji kryzysowej. Zdecyduj sam. Kupujesz nie standardowe szkolenie, tylko czas po\u015bwi\u0119cony dla Ciebie w oparciu o twoje potrzeby i oczekiwania.\u00a0<\/strong><\/p>\n","protected":false},"excerpt":{"rendered":"<p>Witaj ponownie. Je\u015bli planujesz zakupi\u0107 autobus do komunikacji lokalnej, miejskiej, szkolnej czy te\u017c turystycznej i twoim g\u0142\u00f3wnym zaj\u0119ciem nie jest zbieranie ofert, przegl\u0105danie najnowszych rozwi\u0105za\u0144 oferowanych przez producent\u00f3w oraz zastanawianie si\u0119 jakie rozwi\u0105zania s\u0105 u\u017cyteczne i sprawdzone w eksploatacji to\u00a0 uzyskasz fachow\u0105 pomoc w tym zakresie w\u0142a\u015bnie w tym miejscu. Wsp\u00f3lne warto\u015bci i cele Je\u015bli [&hellip;]<\/p>\n","protected":false},"author":1,"featured_media":620,"parent":0,"menu_order":0,"comment_status":"closed","ping_status":"closed","template":"","meta":{"footnotes":""},"yoast_head":"<!-- This site is optimized with the Yoast SEO plugin v19.4 - https:\/\/yoast.com\/wordpress\/plugins\/seo\/ -->\n<title>Oferta - STM Safety Technology Management<\/title>\n<meta name=\"robots\" content=\"index, follow, max-snippet:-1, max-image-preview:large, max-video-preview:-1\" \/>\n<link rel=\"canonical\" href=\"https:\/\/stmbus.pl\/index.php\/oferta\/\" \/>\n<meta property=\"og:locale\" content=\"pl_PL\" \/>\n<meta property=\"og:type\" content=\"article\" \/>\n<meta property=\"og:title\" content=\"Oferta - STM Safety Technology Management\" \/>\n<meta property=\"og:description\" content=\"Witaj ponownie. Je\u015bli planujesz zakupi\u0107 autobus do komunikacji lokalnej, miejskiej, szkolnej czy te\u017c turystycznej i twoim g\u0142\u00f3wnym zaj\u0119ciem nie jest zbieranie ofert, przegl\u0105danie najnowszych rozwi\u0105za\u0144 oferowanych przez producent\u00f3w oraz zastanawianie si\u0119 jakie rozwi\u0105zania s\u0105 u\u017cyteczne i sprawdzone w eksploatacji to\u00a0 uzyskasz fachow\u0105 pomoc w tym zakresie w\u0142a\u015bnie w tym miejscu. Wsp\u00f3lne warto\u015bci i cele Je\u015bli [&hellip;]\" \/>\n<meta property=\"og:url\" content=\"https:\/\/stmbus.pl\/index.php\/oferta\/\" \/>\n<meta property=\"og:site_name\" content=\"STM Safety Technology Management\" \/>\n<meta property=\"article:modified_time\" content=\"2024-05-13T13:22:13+00:00\" \/>\n<meta property=\"og:image\" content=\"https:\/\/stmbus.pl\/wp-content\/uploads\/2021\/01\/william-iven-gcsNOsPEXfs-unsplash-scaled.jpg\" \/>\n\t<meta property=\"og:image:width\" content=\"2560\" \/>\n\t<meta property=\"og:image:height\" content=\"1700\" \/>\n\t<meta property=\"og:image:type\" content=\"image\/jpeg\" \/>\n<meta name=\"twitter:card\" content=\"summary_large_image\" \/>\n<meta name=\"twitter:label1\" content=\"Szacowany czas czytania\" \/>\n\t<meta name=\"twitter:data1\" content=\"5 minut\" \/>\n<script type=\"application\/ld+json\" class=\"yoast-schema-graph\">{\"@context\":\"https:\/\/schema.org\",\"@graph\":[{\"@type\":[\"Person\",\"Organization\"],\"@id\":\"http:\/\/stmbus.pl\/#\/schema\/person\/d062552000a2c91240a7c7acac90f338\",\"name\":\"Szymon\",\"image\":{\"@type\":\"ImageObject\",\"inLanguage\":\"pl-PL\",\"@id\":\"http:\/\/stmbus.pl\/#\/schema\/person\/image\/\",\"url\":\"http:\/\/1.gravatar.com\/avatar\/a504aff765b125c34a2de6ddaa56746d?s=96&d=mm&r=g\",\"contentUrl\":\"http:\/\/1.gravatar.com\/avatar\/a504aff765b125c34a2de6ddaa56746d?s=96&d=mm&r=g\",\"caption\":\"Szymon\"},\"logo\":{\"@id\":\"http:\/\/stmbus.pl\/#\/schema\/person\/image\/\"}},{\"@type\":\"WebSite\",\"@id\":\"http:\/\/stmbus.pl\/#website\",\"url\":\"http:\/\/stmbus.pl\/\",\"name\":\"stmbus.pl Safety Technology Management\",\"description\":\"Bezpiecze\u0144stwo, technologia i zarz\u0105dzanie w transporcie.\",\"publisher\":{\"@id\":\"http:\/\/stmbus.pl\/#\/schema\/person\/d062552000a2c91240a7c7acac90f338\"},\"potentialAction\":[{\"@type\":\"SearchAction\",\"target\":{\"@type\":\"EntryPoint\",\"urlTemplate\":\"http:\/\/stmbus.pl\/?s={search_term_string}\"},\"query-input\":\"required name=search_term_string\"}],\"inLanguage\":\"pl-PL\"},{\"@type\":\"WebPage\",\"@id\":\"https:\/\/stmbus.pl\/index.php\/oferta\/\",\"url\":\"https:\/\/stmbus.pl\/index.php\/oferta\/\",\"name\":\"Oferta - STM Safety Technology Management\",\"isPartOf\":{\"@id\":\"http:\/\/stmbus.pl\/#website\"},\"datePublished\":\"2021-01-23T18:19:20+00:00\",\"dateModified\":\"2024-05-13T13:22:13+00:00\",\"breadcrumb\":{\"@id\":\"https:\/\/stmbus.pl\/index.php\/oferta\/#breadcrumb\"},\"inLanguage\":\"pl-PL\",\"potentialAction\":[{\"@type\":\"ReadAction\",\"target\":[\"https:\/\/stmbus.pl\/index.php\/oferta\/\"]}]},{\"@type\":\"BreadcrumbList\",\"@id\":\"https:\/\/stmbus.pl\/index.php\/oferta\/#breadcrumb\",\"itemListElement\":[{\"@type\":\"ListItem\",\"position\":1,\"name\":\"Strona g\u0142\u00f3wna\",\"item\":\"http:\/\/stmbus.pl\/\"},{\"@type\":\"ListItem\",\"position\":2,\"name\":\"Oferta\"}]}]}<\/script>\n<!-- \/ Yoast SEO plugin. -->","yoast_head_json":{"title":"Oferta - STM Safety Technology Management","robots":{"index":"index","follow":"follow","max-snippet":"max-snippet:-1","max-image-preview":"max-image-preview:large","max-video-preview":"max-video-preview:-1"},"canonical":"https:\/\/stmbus.pl\/index.php\/oferta\/","og_locale":"pl_PL","og_type":"article","og_title":"Oferta - STM Safety Technology Management","og_description":"Witaj ponownie. Je\u015bli planujesz zakupi\u0107 autobus do komunikacji lokalnej, miejskiej, szkolnej czy te\u017c turystycznej i twoim g\u0142\u00f3wnym zaj\u0119ciem nie jest zbieranie ofert, przegl\u0105danie najnowszych rozwi\u0105za\u0144 oferowanych przez producent\u00f3w oraz zastanawianie si\u0119 jakie rozwi\u0105zania s\u0105 u\u017cyteczne i sprawdzone w eksploatacji to\u00a0 uzyskasz fachow\u0105 pomoc w tym zakresie w\u0142a\u015bnie w tym miejscu. Wsp\u00f3lne warto\u015bci i cele Je\u015bli [&hellip;]","og_url":"https:\/\/stmbus.pl\/index.php\/oferta\/","og_site_name":"STM Safety Technology Management","article_modified_time":"2024-05-13T13:22:13+00:00","og_image":[{"width":2560,"height":1700,"url":"https:\/\/stmbus.pl\/wp-content\/uploads\/2021\/01\/william-iven-gcsNOsPEXfs-unsplash-scaled.jpg","type":"image\/jpeg"}],"twitter_card":"summary_large_image","twitter_misc":{"Szacowany czas czytania":"5 minut"},"schema":{"@context":"https:\/\/schema.org","@graph":[{"@type":["Person","Organization"],"@id":"http:\/\/stmbus.pl\/#\/schema\/person\/d062552000a2c91240a7c7acac90f338","name":"Szymon","image":{"@type":"ImageObject","inLanguage":"pl-PL","@id":"http:\/\/stmbus.pl\/#\/schema\/person\/image\/","url":"http:\/\/1.gravatar.com\/avatar\/a504aff765b125c34a2de6ddaa56746d?s=96&d=mm&r=g","contentUrl":"http:\/\/1.gravatar.com\/avatar\/a504aff765b125c34a2de6ddaa56746d?s=96&d=mm&r=g","caption":"Szymon"},"logo":{"@id":"http:\/\/stmbus.pl\/#\/schema\/person\/image\/"}},{"@type":"WebSite","@id":"http:\/\/stmbus.pl\/#website","url":"http:\/\/stmbus.pl\/","name":"stmbus.pl Safety Technology Management","description":"Bezpiecze\u0144stwo, technologia i zarz\u0105dzanie w transporcie.","publisher":{"@id":"http:\/\/stmbus.pl\/#\/schema\/person\/d062552000a2c91240a7c7acac90f338"},"potentialAction":[{"@type":"SearchAction","target":{"@type":"EntryPoint","urlTemplate":"http:\/\/stmbus.pl\/?s={search_term_string}"},"query-input":"required name=search_term_string"}],"inLanguage":"pl-PL"},{"@type":"WebPage","@id":"https:\/\/stmbus.pl\/index.php\/oferta\/","url":"https:\/\/stmbus.pl\/index.php\/oferta\/","name":"Oferta - STM Safety Technology Management","isPartOf":{"@id":"http:\/\/stmbus.pl\/#website"},"datePublished":"2021-01-23T18:19:20+00:00","dateModified":"2024-05-13T13:22:13+00:00","breadcrumb":{"@id":"https:\/\/stmbus.pl\/index.php\/oferta\/#breadcrumb"},"inLanguage":"pl-PL","potentialAction":[{"@type":"ReadAction","target":["https:\/\/stmbus.pl\/index.php\/oferta\/"]}]},{"@type":"BreadcrumbList","@id":"https:\/\/stmbus.pl\/index.php\/oferta\/#breadcrumb","itemListElement":[{"@type":"ListItem","position":1,"name":"Strona g\u0142\u00f3wna","item":"http:\/\/stmbus.pl\/"},{"@type":"ListItem","position":2,"name":"Oferta"}]}]}},"_links":{"self":[{"href":"http:\/\/stmbus.pl\/index.php\/wp-json\/wp\/v2\/pages\/614"}],"collection":[{"href":"http:\/\/stmbus.pl\/index.php\/wp-json\/wp\/v2\/pages"}],"about":[{"href":"http:\/\/stmbus.pl\/index.php\/wp-json\/wp\/v2\/types\/page"}],"author":[{"embeddable":true,"href":"http:\/\/stmbus.pl\/index.php\/wp-json\/wp\/v2\/users\/1"}],"replies":[{"embeddable":true,"href":"http:\/\/stmbus.pl\/index.php\/wp-json\/wp\/v2\/comments?post=614"}],"version-history":[{"count":13,"href":"http:\/\/stmbus.pl\/index.php\/wp-json\/wp\/v2\/pages\/614\/revisions"}],"predecessor-version":[{"id":1081,"href":"http:\/\/stmbus.pl\/index.php\/wp-json\/wp\/v2\/pages\/614\/revisions\/1081"}],"wp:featuredmedia":[{"embeddable":true,"href":"http:\/\/stmbus.pl\/index.php\/wp-json\/wp\/v2\/media\/620"}],"wp:attachment":[{"href":"http:\/\/stmbus.pl\/index.php\/wp-json\/wp\/v2\/media?parent=614"}],"curies":[{"name":"wp","href":"https:\/\/api.w.org\/{rel}","templated":true}]}}